{"id":103,"date":"2022-09-23T15:48:33","date_gmt":"2022-09-23T13:48:33","guid":{"rendered":"http:\/\/rapprochees.com\/?page_id=103"},"modified":"2023-03-07T15:41:57","modified_gmt":"2023-03-07T14:41:57","slug":"body-mind-centering","status":"publish","type":"page","link":"https:\/\/rapprochees.com\/index.php\/body-mind-centering\/","title":{"rendered":"Body-Mind Centering\u00ae"},"content":{"rendered":"\n<div class=\"wp-block-cover is-light\" style=\"min-height:654px;aspect-ratio:unset;\"><span aria-hidden=\"true\" class=\"wp-block-cover__background has-background-dim\"><\/span><img loading=\"lazy\" decoding=\"async\" width=\"768\" height=\"1024\" class=\"wp-block-cover__image-background wp-image-197\" alt=\"\" src=\"http:\/\/rapprochees.com\/wp-content\/uploads\/2023\/03\/IMG_20230228_1428342-768x1024.jpg\" data-object-fit=\"cover\" srcset=\"https:\/\/rapprochees.com\/wp-content\/uploads\/2023\/03\/IMG_20230228_1428342-768x1024.jpg 768w, https:\/\/rapprochees.com\/wp-content\/uploads\/2023\/03\/IMG_20230228_1428342-225x300.jpg 225w, https:\/\/rapprochees.com\/wp-content\/uploads\/2023\/03\/IMG_20230228_1428342-1152x1536.jpg 1152w, https:\/\/rapprochees.com\/wp-content\/uploads\/2023\/03\/IMG_20230228_1428342-1536x2048.jpg 1536w, https:\/\/rapprochees.com\/wp-content\/uploads\/2023\/03\/IMG_20230228_1428342-1568x2091.jpg 1568w, https:\/\/rapprochees.com\/wp-content\/uploads\/2023\/03\/IMG_20230228_1428342-scaled.jpg 1920w\" sizes=\"auto, (max-width: 768px) 100vw, 768px\" \/><div class=\"wp-block-cover__inner-container is-layout-flow wp-block-cover-is-layout-flow\">\n<p class=\"has-text-align-center has-extra-large-font-size\"><strong>Cycle immersif<\/strong><\/p>\n\n\n\n<p class=\"has-text-align-center\" style=\"font-size:32px\"><strong>un samedi par mois de 14h30 \u00e0 20h<\/strong><\/p>\n<\/div><\/div>\n\n\n\n<p><\/p>\n\n\n\n<p><strong>Comment rester centr\u00e9 et agir dans le monde \u00e0 un rythme qui nous convienne ?<\/strong><\/p>\n\n\n\n<p class=\"has-small-font-size\">Face \u00e0 cette question, nous pouvons avoir le vertige de l\u2019\u00e9quilibriste.<br>Mais nous pouvons aussi danser . . . avec ce qui s\u2019active en soi.<\/p>\n\n\n\n<p class=\"has-small-font-size\">Notre corps incarne cet enjeu dans chacune de ses cellules. Tout sa structure et son fonctionnement sugg\u00e8re cette dynamique et nous informe des ressources que nous avons. D\u2019une certaine mani\u00e8re, il est lui-m\u00eame r\u00e9gul\u00e9 par des danses et des musiques.<br>Lorsqu\u2019on se met \u00e0 son \u00e9coute, son message se traduit en sensations. En parlant la langue du corps, les sensations, nous ne sommes plus ballott\u00e9s par vents et mar\u00e9es, mais devenons ceux qui savent saisir la vague au bon moment.<br>Si nous int\u00e9grons profond\u00e9ment en nous les flux et structures qui nous animent alors nous commencerons \u00e0 faire de notre vie une danse.<br>C\u2019est donc d\u2019abord par la sensation du mouvement que je vous invite \u00e0 \u00eatre le vivant en vous.<br>Et c\u2019est \u00e0 un voyage, voire \u00e0 une plong\u00e9e en vous-m\u00eame que vous \u00eates convi\u00e9s.<\/p>\n\n\n\n<p class=\"has-small-font-size\">Le Body-Mind Centering\u00ae est une pratique d\u2019exploration du corps et du mouvement s\u2019appuyant sur l\u2019int\u00e9gration des syst\u00e8mes corporels et des \u00e9tapes de d\u00e9veloppement du b\u00e9b\u00e9.<\/p>\n\n\n\n<p style=\"font-size:22px\"><strong>Renseignements et inscriptions : <\/strong><\/p>\n\n\n\n<p class=\"has-small-font-size\">Aupr\u00e8s de Benjamin-Aliot au 06 84 12 79 88 et par courriel : assorapprochees@gmail.com.<\/p>\n\n\n\n<p class=\"has-normal-font-size\"><strong>Tarifs : <\/strong><\/p>\n\n\n\n<p class=\"has-small-font-size\">L&rsquo;ensemble du cycle (4 sessions de 5h30) 140 euros ou 40 euros la session.<\/p>\n\n\n\n<p class=\"has-green-background-color has-background\">Calendrier<br>25 mars \/ 8 avril \/ 27 mai \/ 17 juin<\/p>\n\n\n\n<p class=\"has-small-font-size\"><\/p>\n","protected":false},"excerpt":{"rendered":"<p>Comment rester centr\u00e9 et agir dans le monde \u00e0 un rythme qui nous convienne ? Face \u00e0 cette question, nous pouvons avoir le vertige de l\u2019\u00e9quilibriste.Mais nous pouvons aussi danser . . . avec ce qui s\u2019active en soi. Notre corps incarne cet enjeu dans chacune de ses cellules. Tout sa structure et son fonctionnement &hellip; <\/p>\n<p class=\"link-more\"><a href=\"https:\/\/rapprochees.com\/index.php\/body-mind-centering\/\" class=\"more-link\">Lire la suite de<span class=\"screen-reader-text\">\u00ab\u00a0Body-Mind Centering\u00ae\u00a0\u00bb<\/span><\/a><\/p>\n","protected":false},"author":1,"featured_media":0,"parent":0,"menu_order":0,"comment_status":"closed","ping_status":"closed","template":"","meta":{"footnotes":""},"class_list":["post-103","page","type-page","status-publish","hentry"],"_links":{"self":[{"href":"https:\/\/rapprochees.com\/index.php\/wp-json\/wp\/v2\/pages\/103","targetHints":{"allow":["GET"]}}],"collection":[{"href":"https:\/\/rapprochees.com\/index.php\/wp-json\/wp\/v2\/pages"}],"about":[{"href":"https:\/\/rapprochees.com\/index.php\/wp-json\/wp\/v2\/types\/page"}],"author":[{"embeddable":true,"href":"https:\/\/rapprochees.com\/index.php\/wp-json\/wp\/v2\/users\/1"}],"replies":[{"embeddable":true,"href":"https:\/\/rapprochees.com\/index.php\/wp-json\/wp\/v2\/comments?post=103"}],"version-history":[{"count":6,"href":"https:\/\/rapprochees.com\/index.php\/wp-json\/wp\/v2\/pages\/103\/revisions"}],"predecessor-version":[{"id":199,"href":"https:\/\/rapprochees.com\/index.php\/wp-json\/wp\/v2\/pages\/103\/revisions\/199"}],"wp:attachment":[{"href":"https:\/\/rapprochees.com\/index.php\/wp-json\/wp\/v2\/media?parent=103"}],"curies":[{"name":"wp","href":"https:\/\/api.w.org\/{rel}","templated":true}]}}