{"id":104,"date":"2022-09-23T15:48:33","date_gmt":"2022-09-23T13:48:33","guid":{"rendered":"http:\/\/rapprochees.com\/?page_id=104"},"modified":"2025-09-08T14:21:16","modified_gmt":"2025-09-08T12:21:16","slug":"danse-forum","status":"publish","type":"page","link":"https:\/\/rapprochees.com\/index.php\/danse-forum\/","title":{"rendered":"Danse Forum"},"content":{"rendered":"\n<p style=\"font-size:24px\"><strong>Un vendredi par mois de 13h30 \u00e0 18h <\/strong><\/p>\n\n\n<div class=\"wp-block-image\">\n<figure class=\"alignright size-large is-resized\"><img loading=\"lazy\" decoding=\"async\" width=\"683\" height=\"1024\" src=\"http:\/\/rapprochees.com\/wp-content\/uploads\/2023\/01\/Photo-DF-683x1024.jpg\" alt=\"\" class=\"wp-image-177\" style=\"width:199px;height:298px\" srcset=\"https:\/\/rapprochees.com\/wp-content\/uploads\/2023\/01\/Photo-DF-683x1024.jpg 683w, https:\/\/rapprochees.com\/wp-content\/uploads\/2023\/01\/Photo-DF-200x300.jpg 200w, https:\/\/rapprochees.com\/wp-content\/uploads\/2023\/01\/Photo-DF-768x1152.jpg 768w, https:\/\/rapprochees.com\/wp-content\/uploads\/2023\/01\/Photo-DF-1024x1536.jpg 1024w, https:\/\/rapprochees.com\/wp-content\/uploads\/2023\/01\/Photo-DF-1365x2048.jpg 1365w, https:\/\/rapprochees.com\/wp-content\/uploads\/2023\/01\/Photo-DF-1568x2352.jpg 1568w, https:\/\/rapprochees.com\/wp-content\/uploads\/2023\/01\/Photo-DF-scaled.jpg 1707w\" sizes=\"auto, (max-width: 683px) 100vw, 683px\" \/><\/figure>\n<\/div>\n\n\n<p style=\"font-size:18px\">La danse forum est un dispositif d\u2019improvisation collectif autour d\u2019un th\u00e8me de travail pour <strong>danser<\/strong> et <strong>penser<\/strong> ensemble. Elle mobilise les sensations, la parole, la pens\u00e9e, les \u00e9motions, l\u2019imaginaire\u2026 Les participant.e.s s\u2019expriment d\u2019abord par leur corps en mouvement au travers de ce qu\u2019il.elle.s sentent, ressentent, voient et per\u00e7oivent, pour ensuite penser ensemble \u00e0 partir de leurs exp\u00e9riences.<\/p>\n\n\n\n<p>Entre recherche collective et composition instantan\u00e9e, c\u2019est une pratique d\u2019improvisation cadr\u00e9e qui permet de d\u00e9plier un th\u00e8me dans un foisonnement cr\u00e9atif.<\/p>\n\n\n\n<p>Cette ann\u00e9e je vous propose deux cycles d\u2019exploration \u00e0 partir du dispositif de la danse forum&nbsp;:<\/p>\n\n\n\n<p>A l\u2019automne&nbsp;de septembre \u00e0 d\u00e9cembre : <strong>E<\/strong><strong>xplore<\/strong><strong>r<\/strong><strong> autour de l&rsquo;acte d\u2019improviser<\/strong><\/p>\n\n\n\n<p>Au printemps de mars \u00e0 avril&nbsp;: <strong>P<\/strong><strong>enser ensemble \u00e0 partir de nos sensations<\/strong><\/p>\n\n\n\n<p>Plus d\u2019info sur le dispositif de la Danse Forum et les archives de la pratique sur le site<a href=\"https:\/\/unetroupededanseforum.wordpress.com\/\" target=\"_blank\" rel=\"noreferrer noopener\"> https:\/\/unetroupededanseforum.wordpress.com\/<\/a><\/p>\n\n\n\n<p style=\"font-size:18px\"><\/p>\n\n\n\n<p style=\"font-size:18px\"><\/p>\n\n\n\n<ul class=\"wp-block-list has-cyan-bluish-gray-background-color has-background\">\n<li style=\"font-size:18px\"><strong>DATES 2025\/2026 : <\/strong>19\/09 &#8211; 3\/10 &#8211; 28\/11 &#8211; 12\/12 &#8211; 20\/03 &#8211; 3\/04 &#8211; 29\/05 &#8211; 12\/06<\/li>\n\n\n\n<li>Tarif libre entre 25\u20ac et 45\u20ac la session \/ Sur un cycle (4 s\u00e9ances) : entre 80\u20ac et 120\u20ac<\/li>\n\n\n\n<li>+ 10\u20ac Adh\u00e9sion \u00e0 Rapproch\u00e9es <\/li>\n\n\n\n<li>+ Adh\u00e9sion \u00e0 l\u2019association Les Arts en Sye (asso qui g\u00e8re le lieu Renc\u2019arts): 10\u20ac prix normal, 5\u20ac petit budget, + 10\u20ac en soutien.<\/li>\n<\/ul>\n\n\n\n<p class=\"has-medium-font-size\"><\/p>\n","protected":false},"excerpt":{"rendered":"<p>Un vendredi par mois de 13h30 \u00e0 18h La danse forum est un dispositif d\u2019improvisation collectif autour d\u2019un th\u00e8me de travail pour danser et penser ensemble. Elle mobilise les sensations, la parole, la pens\u00e9e, les \u00e9motions, l\u2019imaginaire\u2026 Les participant.e.s s\u2019expriment d\u2019abord par leur corps en mouvement au travers de ce qu\u2019il.elle.s sentent, ressentent, voient et &hellip; <\/p>\n<p class=\"link-more\"><a href=\"https:\/\/rapprochees.com\/index.php\/danse-forum\/\" class=\"more-link\">Lire la suite de<span class=\"screen-reader-text\">\u00ab\u00a0Danse Forum\u00a0\u00bb<\/span><\/a><\/p>\n","protected":false},"author":1,"featured_media":0,"parent":0,"menu_order":0,"comment_status":"closed","ping_status":"closed","template":"","meta":{"footnotes":""},"class_list":["post-104","page","type-page","status-publish","hentry"],"_links":{"self":[{"href":"https:\/\/rapprochees.com\/index.php\/wp-json\/wp\/v2\/pages\/104","targetHints":{"allow":["GET"]}}],"collection":[{"href":"https:\/\/rapprochees.com\/index.php\/wp-json\/wp\/v2\/pages"}],"about":[{"href":"https:\/\/rapprochees.com\/index.php\/wp-json\/wp\/v2\/types\/page"}],"author":[{"embeddable":true,"href":"https:\/\/rapprochees.com\/index.php\/wp-json\/wp\/v2\/users\/1"}],"replies":[{"embeddable":true,"href":"https:\/\/rapprochees.com\/index.php\/wp-json\/wp\/v2\/comments?post=104"}],"version-history":[{"count":14,"href":"https:\/\/rapprochees.com\/index.php\/wp-json\/wp\/v2\/pages\/104\/revisions"}],"predecessor-version":[{"id":641,"href":"https:\/\/rapprochees.com\/index.php\/wp-json\/wp\/v2\/pages\/104\/revisions\/641"}],"wp:attachment":[{"href":"https:\/\/rapprochees.com\/index.php\/wp-json\/wp\/v2\/media?parent=104"}],"curies":[{"name":"wp","href":"https:\/\/api.w.org\/{rel}","templated":true}]}}