{"id":173,"date":"2023-01-25T17:28:44","date_gmt":"2023-01-25T16:28:44","guid":{"rendered":"http:\/\/rapprochees.com\/?page_id=173"},"modified":"2025-10-03T13:53:31","modified_gmt":"2025-10-03T11:53:31","slug":"session-impro","status":"publish","type":"page","link":"https:\/\/rapprochees.com\/index.php\/session-impro\/","title":{"rendered":"Session d&rsquo;impro musique et danse"},"content":{"rendered":"\n<p class=\"has-text-align-left has-medium-font-size\"><strong>Cet espace invite les musicien\u00b7ne\u00b7s et danseureuses habitu\u00e9\u00b7e\u00b7s des processus d&rsquo;improvisation, \u00e0 venir dialoguer, jouer et composer l&rsquo;espace au pr\u00e9sent. Chacun\u00b7e s&#8217;empare de cet espace d&rsquo;improvisation \u00e0 son rythme, apr\u00e8s son temps de mise en route qui lui est propre.<\/strong><\/p>\n\n\n\n<p><\/p>\n\n\n\n<p class=\"has-text-align-left\" style=\"font-size:19px\"><strong>Nous invitons ici les participant\u00b7e\u00b7s \u00e0 envisager l\u2019improvisation sous l&rsquo;angle de la COMPOSITION INSTANTAN\u00c9E : Observer l&rsquo;environnement, ce qui agit d\u00e9j\u00e0, et r\u00e9pondre au pr\u00e9sent par les outils du corps, de la voix et de la musique pour composer ensemble.<\/strong><\/p>\n\n\n\n<p class=\"has-text-align-left has-medium-font-size\" style=\"font-size:19px\"><strong>Nous commen\u00e7ons \u00e0 10h et cl\u00f4turons \u00e0 12h30 ensemble. Nous n&rsquo;int\u00e9grons pas les personnes ayant du retard.<\/strong><\/p>\n\n\n\n<p class=\"has-black-color has-very-light-gray-to-cyan-bluish-gray-gradient-background has-text-color has-background\" style=\"font-size:26px\"><strong>Un samedi par mois de 10h \u00e0 12h30<\/strong><\/p>\n\n\n\n<p class=\"has-light-green-cyan-background-color has-background\" style=\"font-size:20px\"><strong>Dates 2025\/2026 : <\/strong>4\/10 &#8211; 8\/11 &#8211; 13\/12 &#8211; 17\/01 &#8211; 7\/02 &#8211; 21\/03 &#8211; 25\/04 &#8211; 30\/05 &#8211; 27\/06<\/p>\n\n\n\n<p class=\"has-light-green-cyan-background-color has-background\" style=\"font-size:16px\"><strong>5\u20ac<\/strong> + adh\u00e9sion \u00e0 10\u20ac \u00e0 Rapproch\u00e9es + adh\u00e9sion 5\u20ac \u00e0 10\u20ac \u00e0 Les Arts en Sye (soutien au lieu).<\/p>\n","protected":false},"excerpt":{"rendered":"<p>Cet espace invite les musicien\u00b7ne\u00b7s et danseureuses habitu\u00e9\u00b7e\u00b7s des processus d&rsquo;improvisation, \u00e0 venir dialoguer, jouer et composer l&rsquo;espace au pr\u00e9sent. Chacun\u00b7e s&#8217;empare de cet espace d&rsquo;improvisation \u00e0 son rythme, apr\u00e8s son temps de mise en route qui lui est propre. Nous invitons ici les participant\u00b7e\u00b7s \u00e0 envisager l\u2019improvisation sous l&rsquo;angle de la COMPOSITION INSTANTAN\u00c9E : &hellip; <\/p>\n<p class=\"link-more\"><a href=\"https:\/\/rapprochees.com\/index.php\/session-impro\/\" class=\"more-link\">Lire la suite de<span class=\"screen-reader-text\">\u00ab\u00a0Session d&rsquo;impro musique et danse\u00a0\u00bb<\/span><\/a><\/p>\n","protected":false},"author":1,"featured_media":313,"parent":0,"menu_order":0,"comment_status":"closed","ping_status":"closed","template":"","meta":{"footnotes":""},"class_list":["post-173","page","type-page","status-publish","has-post-thumbnail","hentry"],"_links":{"self":[{"href":"https:\/\/rapprochees.com\/index.php\/wp-json\/wp\/v2\/pages\/173","targetHints":{"allow":["GET"]}}],"collection":[{"href":"https:\/\/rapprochees.com\/index.php\/wp-json\/wp\/v2\/pages"}],"about":[{"href":"https:\/\/rapprochees.com\/index.php\/wp-json\/wp\/v2\/types\/page"}],"author":[{"embeddable":true,"href":"https:\/\/rapprochees.com\/index.php\/wp-json\/wp\/v2\/users\/1"}],"replies":[{"embeddable":true,"href":"https:\/\/rapprochees.com\/index.php\/wp-json\/wp\/v2\/comments?post=173"}],"version-history":[{"count":25,"href":"https:\/\/rapprochees.com\/index.php\/wp-json\/wp\/v2\/pages\/173\/revisions"}],"predecessor-version":[{"id":661,"href":"https:\/\/rapprochees.com\/index.php\/wp-json\/wp\/v2\/pages\/173\/revisions\/661"}],"wp:featuredmedia":[{"embeddable":true,"href":"https:\/\/rapprochees.com\/index.php\/wp-json\/wp\/v2\/media\/313"}],"wp:attachment":[{"href":"https:\/\/rapprochees.com\/index.php\/wp-json\/wp\/v2\/media?parent=173"}],"curies":[{"name":"wp","href":"https:\/\/api.w.org\/{rel}","templated":true}]}}