{"id":467,"date":"2024-10-10T15:44:25","date_gmt":"2024-10-10T13:44:25","guid":{"rendered":"http:\/\/rapprochees.com\/?page_id=467"},"modified":"2024-10-10T15:47:22","modified_gmt":"2024-10-10T13:47:22","slug":"journees-decouvertes-du-mouvement-authentique","status":"publish","type":"page","link":"https:\/\/rapprochees.com\/index.php\/journees-decouvertes-du-mouvement-authentique\/","title":{"rendered":"\u00a0Journ\u00e9es d\u00e9couverte du Mouvement Authentique"},"content":{"rendered":"\n<div class=\"wp-block-media-text is-stacked-on-mobile\"><figure class=\"wp-block-media-text__media\"><img loading=\"lazy\" decoding=\"async\" width=\"250\" height=\"350\" src=\"http:\/\/rapprochees.com\/wp-content\/uploads\/2024\/10\/image.png\" alt=\"\" class=\"wp-image-468 size-full\" srcset=\"https:\/\/rapprochees.com\/wp-content\/uploads\/2024\/10\/image.png 250w, https:\/\/rapprochees.com\/wp-content\/uploads\/2024\/10\/image-214x300.png 214w\" sizes=\"auto, (max-width: 250px) 100vw, 250px\" \/><\/figure><div class=\"wp-block-media-text__content\">\n<p><strong>avec Joane Auber et Marie Dauvergne<\/strong><\/p>\n\n\n\n<p><em>\u00catre boug\u00e9.e, les yeux ferm\u00e9s, plonger dans l&rsquo;inconnu et la profondeur de son mouvement du moment. \u00catre vu. \u00catre t\u00e9moin. Voir. Vivre son propre mouvement int\u00e9rieur en la pr\u00e9sence de l&rsquo;autre.<\/em><\/p>\n\n\n\n<p><\/p>\n\n\n\n<p><strong>Prochaines dates: 02\/02 et 02\/03\/2025<\/strong><\/p>\n\n\n\n<p><strong>Tarif : <\/strong>60\u20ac la journ\u00e9e<\/p>\n\n\n\n<p><strong>Renseignements : <a href=\"mailto:assorapprochees@gmail.com\">assorapprochees@gmail.com<\/a> \u00a0<\/strong>06 80 47 18 63\u00a0<\/p>\n<\/div><\/div>\n\n\n\n<p><\/p>\n\n\n\n<p><\/p>\n\n\n\n<p><\/p>\n","protected":false},"excerpt":{"rendered":"<p>avec Joane Auber et Marie Dauvergne \u00catre boug\u00e9.e, les yeux ferm\u00e9s, plonger dans l&rsquo;inconnu et la profondeur de son mouvement du moment. \u00catre vu. \u00catre t\u00e9moin. Voir. Vivre son propre mouvement int\u00e9rieur en la pr\u00e9sence de l&rsquo;autre. Prochaines dates: 02\/02 et 02\/03\/2025 Tarif : 60\u20ac la journ\u00e9e Renseignements : assorapprochees@gmail.com \u00a006 80 47 18 63\u00a0<\/p>\n","protected":false},"author":1,"featured_media":0,"parent":0,"menu_order":0,"comment_status":"closed","ping_status":"closed","template":"","meta":{"footnotes":""},"class_list":["post-467","page","type-page","status-publish","hentry"],"_links":{"self":[{"href":"https:\/\/rapprochees.com\/index.php\/wp-json\/wp\/v2\/pages\/467","targetHints":{"allow":["GET"]}}],"collection":[{"href":"https:\/\/rapprochees.com\/index.php\/wp-json\/wp\/v2\/pages"}],"about":[{"href":"https:\/\/rapprochees.com\/index.php\/wp-json\/wp\/v2\/types\/page"}],"author":[{"embeddable":true,"href":"https:\/\/rapprochees.com\/index.php\/wp-json\/wp\/v2\/users\/1"}],"replies":[{"embeddable":true,"href":"https:\/\/rapprochees.com\/index.php\/wp-json\/wp\/v2\/comments?post=467"}],"version-history":[{"count":4,"href":"https:\/\/rapprochees.com\/index.php\/wp-json\/wp\/v2\/pages\/467\/revisions"}],"predecessor-version":[{"id":473,"href":"https:\/\/rapprochees.com\/index.php\/wp-json\/wp\/v2\/pages\/467\/revisions\/473"}],"wp:attachment":[{"href":"https:\/\/rapprochees.com\/index.php\/wp-json\/wp\/v2\/media?parent=467"}],"curies":[{"name":"wp","href":"https:\/\/api.w.org\/{rel}","templated":true}]}}