{"id":97,"date":"2022-09-23T15:48:33","date_gmt":"2022-09-23T13:48:33","guid":{"rendered":"http:\/\/rapprochees.com\/?page_id=97"},"modified":"2025-11-06T11:19:53","modified_gmt":"2025-11-06T10:19:53","slug":"evenements","status":"publish","type":"page","link":"https:\/\/rapprochees.com\/index.php\/evenements\/","title":{"rendered":"Ev\u00e9nements"},"content":{"rendered":"\n<p class=\"has-text-align-center has-vivid-red-color has-text-color has-link-color wp-elements-8681a4ae2861a7114d742021e621b043\" style=\"font-size:67px\"><strong>HOULE DENSE<\/strong><\/p>\n\n\n\n<p class=\"has-text-align-center\" style=\"font-size:31px\"><strong>espace \u00e0 danser <\/strong><\/p>\n\n\n\n<h2 class=\"wp-block-heading has-text-align-center\" style=\"font-size:30px\"><strong>VENDREDI 30 JANVIER 2026<\/strong><\/h2>\n\n\n\n<p class=\"has-text-align-center has-large-font-size\"> <strong>DE 19H \u00e0 21H30<\/strong><\/p>\n\n\n\n<p><\/p>\n\n\n\n<p class=\"has-medium-font-size\"><strong>Notre invitation :&nbsp;<\/strong><\/p>\n\n\n\n<p class=\"has-black-color has-text-color has-link-color has-medium-font-size wp-elements-65408622095b45696e8acfc5e78a00e0\"><strong>Faire br\u00fbler le feu de la danse,&nbsp;<\/strong><\/p>\n\n\n\n<p class=\"has-black-color has-text-color has-link-color has-medium-font-size wp-elements-ddddda20288cc4fc9daf9f7c40d1c148\"><strong>Laisser parler les corps, Sur le rythme, \u00e0 c\u00f4t\u00e9,<\/strong><\/p>\n\n\n\n<p class=\"has-black-color has-text-color has-link-color has-medium-font-size wp-elements-8733b6c78564f9ee860282a69fddc1ed\"><strong>Garder vivantes, Les vaguelettes du mouvement,&nbsp;<\/strong><\/p>\n\n\n\n<p class=\"has-black-color has-text-color has-link-color has-medium-font-size wp-elements-5da6c92511d895424808fd3a213f7e14\"><strong>Accueillir simplement toutes les couleurs,<\/strong><\/p>\n\n\n\n<p class=\"has-black-color has-text-color has-link-color has-medium-font-size wp-elements-709562cba7463b326b66af41e70d6ce8\"><strong>Seul.e, \u00e0 deux, \u00e0 vingt,<\/strong><\/p>\n\n\n\n<p class=\"has-black-color has-text-color has-link-color has-medium-font-size wp-elements-98d2f253f57f1e7b2ad8cb2d088b12de\"><strong>Sur les pieds ou sur les mains.<\/strong><\/p>\n\n\n\n<p class=\"has-black-color has-text-color has-link-color has-medium-font-size wp-elements-e432a751d66b7b276a06352bdc577f5b\"><strong>Il y aura un espace d\u00e9di\u00e9, un d\u00e9but et une fin partag\u00e9s.<\/strong><\/p>\n\n\n\n<p class=\"has-black-color has-text-color has-link-color has-medium-font-size wp-elements-e5ca2b1938c43da79a8beb3170eeb680\"><strong>2h30 de danse libre port\u00e9e par une s\u00e9lection musicale in\u00e9dite.&nbsp;<\/strong><\/p>\n\n\n\n<p class=\"has-black-color has-text-color has-link-color has-medium-font-size wp-elements-ca84a40e6eadc614098342f1ca90b4ec\"><strong>Une invite \u00e0 se laisser traverser par le son, au pr\u00e9sent, \u00e9clair\u00e9.e.s de nos lumi\u00e8res et nos ombres.<\/strong><\/p>\n\n\n\n<p><em>Kuduro, Tarantella, \u00c9lectronica, Cha\u00e2bi, HipHop, Bassmusic, Rock, Disco, Maloya, Salsa, Folk, N\u00e9o-Folk, Zouk, Baroque, Dancehall, Ra\u00ef, Soul, Calypso, Garage, Traditionnelle, Contemporaine, Kraut, Minimale, Minimaliste, Cubaine, Classique, Tribale, Sacr\u00e9e, &#8230;<\/em><\/p>\n\n\n\n<p><\/p>\n\n\n\n<p class=\"has-vivid-red-color has-text-color has-link-color wp-elements-cc918a6227361c7787f0ba2cfa193e49\" style=\"font-size:29px\"><strong>Aux platines :&nbsp;<\/strong><\/p>\n\n\n\n<p class=\"has-background\" style=\"background:linear-gradient(135deg,rgb(254,205,165) 0%,rgb(254,45,45) 100%,rgb(107,0,62) 100%);font-size:29px\"><strong>Julien Grosjean et Paul Kauffmann,&nbsp;aka DJ Atour Chamadie et Kakawette888<\/strong><\/p>\n\n\n\n<ul style=\"font-size:21px\" class=\"wp-block-list\">\n<li><strong>Vendredi 30 JANVIER<\/strong>, de 19h \u00e0 21h30, \u00e0 Renc&rsquo;arts (Aouste).<\/li>\n\n\n\n<li><strong>Accueil \u00e0 18h30 !<\/strong><\/li>\n\n\n\n<li>Entr\u00e9e 10\u20ac &nbsp;+ Adh\u00e9sion Prix Libre \u00e0 Renc&rsquo;arts<\/li>\n\n\n\n<li>Pour le bon d\u00e9roul\u00e9 de l\u2019\u00e9v\u00e9nement, il ne sera pas possible d&rsquo;entrer apr\u00e8s 19h.<\/li>\n<\/ul>\n","protected":false},"excerpt":{"rendered":"<p>HOULE DENSE espace \u00e0 danser VENDREDI 30 JANVIER 2026 DE 19H \u00e0 21H30 Notre invitation :&nbsp; Faire br\u00fbler le feu de la danse,&nbsp; Laisser parler les corps, Sur le rythme, \u00e0 c\u00f4t\u00e9, Garder vivantes, Les vaguelettes du mouvement,&nbsp; Accueillir simplement toutes les couleurs, Seul.e, \u00e0 deux, \u00e0 vingt, Sur les pieds ou sur les mains. &hellip; <\/p>\n<p class=\"link-more\"><a href=\"https:\/\/rapprochees.com\/index.php\/evenements\/\" class=\"more-link\">Lire la suite de<span class=\"screen-reader-text\">\u00ab\u00a0Ev\u00e9nements\u00a0\u00bb<\/span><\/a><\/p>\n","protected":false},"author":1,"featured_media":508,"parent":0,"menu_order":0,"comment_status":"closed","ping_status":"closed","template":"","meta":{"footnotes":""},"class_list":["post-97","page","type-page","status-publish","has-post-thumbnail","hentry"],"_links":{"self":[{"href":"https:\/\/rapprochees.com\/index.php\/wp-json\/wp\/v2\/pages\/97","targetHints":{"allow":["GET"]}}],"collection":[{"href":"https:\/\/rapprochees.com\/index.php\/wp-json\/wp\/v2\/pages"}],"about":[{"href":"https:\/\/rapprochees.com\/index.php\/wp-json\/wp\/v2\/types\/page"}],"author":[{"embeddable":true,"href":"https:\/\/rapprochees.com\/index.php\/wp-json\/wp\/v2\/users\/1"}],"replies":[{"embeddable":true,"href":"https:\/\/rapprochees.com\/index.php\/wp-json\/wp\/v2\/comments?post=97"}],"version-history":[{"count":9,"href":"https:\/\/rapprochees.com\/index.php\/wp-json\/wp\/v2\/pages\/97\/revisions"}],"predecessor-version":[{"id":669,"href":"https:\/\/rapprochees.com\/index.php\/wp-json\/wp\/v2\/pages\/97\/revisions\/669"}],"wp:featuredmedia":[{"embeddable":true,"href":"https:\/\/rapprochees.com\/index.php\/wp-json\/wp\/v2\/media\/508"}],"wp:attachment":[{"href":"https:\/\/rapprochees.com\/index.php\/wp-json\/wp\/v2\/media?parent=97"}],"curies":[{"name":"wp","href":"https:\/\/api.w.org\/{rel}","templated":true}]}}